{"id":166,"date":"2024-07-23T19:03:20","date_gmt":"2024-07-24T01:03:20","guid":{"rendered":"https:\/\/milexports.mx\/?page_id=166"},"modified":"2024-07-24T13:18:42","modified_gmt":"2024-07-24T19:18:42","slug":"aviso-de-privacidad","status":"publish","type":"page","link":"https:\/\/milexports.mx\/en\/aviso-de-privacidad\/","title":{"rendered":"Privacy Notice"},"content":{"rendered":"<p>MILEXPORTS.MX con domicilio en la Calle Lago Ginebra #34 interior 9, colonia Patria, Zapopan, Jalisco, y portal de internet http:\/\/MILEXPORTS.MX\/, en cumplimiento a lo establecido por la Ley Federal de Protecci\u00f3n de Datos personales en Posesi\u00f3n de los Particulares (\u201cLey\u201d) y con la finalidad de garantizar la privacidad y el derecho a la autodeterminaci\u00f3n informativa de sus clientes y usuarios, hace de su conocimiento la pol\u00edtica de privacidad y manejo de datos personales.<\/p>\n\n\n\n<p>(1)El uso o navegaci\u00f3n por parte de cualquier persona del sitio antes mencionado le concede la calidad de Usuario y\/o Cliente.<br>A.- Recolecci\u00f3n de datos.<\/p>\n\n\n\n<p>(2) Personales.- En la prestaci\u00f3n de servicios, MILEXPORTS requerir\u00e1 a sus clientes s\u00f3lo de datos personales, ya sea de identificaci\u00f3n y\/o financieros y\/o profesionales proporcionados por usted de manera directa o por cualquier medio de contacto y\/o foro p\u00fablico de conexi\u00f3n en l\u00ednea relacionados con los servicios que presta MILEXPORTS, destacando los siguientes:<\/p>\n\n\n\n<p>Nombre<br>Domicilio<br>Telefono particular<br>Your email<\/p>\n\n\n\n<p>(3) Con los fines se\u00f1alados en este aviso de privacidad, podemos recabar sus datos personales de distintas formas: durante el proceso de registro, inscripci\u00f3n a alguna promoci\u00f3n o programa o cuando nos lo proporcione directamente.<\/p>\n\n\n\n<p>(3) Es decir toda informaci\u00f3n personal que el usuario haya proporcionado a MILEXPORTS de manera directa por medio de este sitio, aquella informaci\u00f3n personal proporcionada por el usuario MILEXPORTS al momento de utilizar nuestros servicios en l\u00ednea o cuando MILEXPORTS obtiene la informaci\u00f3n personal del usuario l\u00edcitamente por cualquier otro medio o fuentes permitidas por la ley, ser\u00e1n utilizados con las siguientes finalidades: Proveer servicios y productos requeridos en el sitio, informar sobre nuevos productos o servicios que est\u00e9n relacionados con el contratado o adquirido por el usuario, dar cumplimiento con obligaciones contra\u00eddas con el usuario, realizar estudios internos sobre h\u00e1bitos de consumo, promover los productos y servicios que MILEXPORTS ofrece, informarle sobre cambios en los mismos, para fines publicitarios, promocionales, telemarketing, operaciones, administraci\u00f3n del sitio web de MILEXPORTS, administraci\u00f3n de los servicios de MILEXPORTS, desarrollo de nuevos productos y servicios, encuestas de calidad del servicio o de producto contratados por el usuario y satisfacci\u00f3n del usuario, an\u00e1lisis de uso de productos, servicios y sitio web, para el env\u00edo de avisos acerca de productos y servicios operados por MILEXPORTS y\/o por sus afiliadas, subsidiarias y\/o por sus socios de negocio; cuando la ley o alguna autoridad lo requiera, para solicitarle actualizaci\u00f3n de sus datos y documentos de identificaci\u00f3n, y en general para hacer cumplir nuestros t\u00e9rminos, condiciones y la operaci\u00f3n, funcionamiento y administraci\u00f3n de nuestros negocios.<\/p>\n\n\n\n<p>(4) El concepto de \u201cdatos personales\u201d en este aviso de privacidad se refiere a toda aquella informaci\u00f3n de car\u00e1cter personal que pueda ser usada para identificaci\u00f3n del Usuario.<\/p>\n\n\n\n<p>(7) MILEXPORTS no recaba ni trata datos personales sensibles.<br>B.- Uso de cookies, scripts y web beacons.-<\/p>\n\n\n\n<p>(8) Los datos personales que recabamos cuando visitas nuestro sitio de Internet o utilizas nuestros servicios en l\u00ednea son la Direcci\u00f3n IP y Cookies.<\/p>\n\n\n\n<p>(9) MILEXPORTS podr\u00e1 recabar datos personales por el uso de cookies y Web beacons. La p\u00e1gina de nuestro sitio Web utiliza cookies, los cuales son peque\u00f1os ficheros de datos que se descargan autom\u00e1ticamente y almacenados en la computadora del Usuario, las cuales graban sus datos personales cuando se conecta al sitio, entre ellos sus preferencias para la visualizaci\u00f3n de las p\u00e1ginas de este servidor, modific\u00e1ndose al abandonar el sitio y las cuales permiten obtener la informaci\u00f3n siguiente:<\/p>\n\n\n\n<p>Navegador y sistema operativo del usuario.<br>P\u00e1ginas de internet que visita el usuario.<br>La fecha y hora de la \u00faltima vez que el usuario visit\u00f3 nuestro sitio Web.<br>El dise\u00f1o de contenidos o preferencias que el usuario escogi\u00f3 en su primera visita a nuestro sitio web.<br>Elementos de seguridad que intervienen en el control de acceso a las \u00e1reas restringidas.<br>Reconocer a los usuarios.<br>Detectar su ancho de banda.<br>Medir par\u00e1metros de tr\u00e1fico.<br>Su tipo de navegador y sistema operativo.<br>Las p\u00e1ginas de Internet que visitas.<br>Los v\u00ednculos que sigues.<br>Su direcci\u00f3n IP.<br>El sitio web que lo dirigi\u00f3 al nuestro.<br>La resoluci\u00f3n de su monitor.<\/p>\n\n\n\n<p>(10) Los cookies son an\u00f3nimos. El acceso a la informaci\u00f3n por medio de los cookies, permite ofrecer al Usuario un servicio personalizado, ya que almacenan no s\u00f3lo sus datos personales sino tambi\u00e9n la frecuencia de utilizaci\u00f3n del servicio y las secciones de la red visitadas, reflejando as\u00ed sus h\u00e1bitos y preferencias. Las redes publicitarias que insertan avisos en nuestras p\u00e1ginas pueden tambi\u00e9n utilizar sus propios cookies.<\/p>\n\n\n\n<p>(11) El Usuario tiene la opci\u00f3n de impedir la generaci\u00f3n de cookies, mediante la selecci\u00f3n de la correspondiente opci\u00f3n en la configuraci\u00f3n de su navegador de Internet. Sin embargo MILEXPORTS no se responsabiliza de que la desactivaci\u00f3n de los mismos, ya que impedir\u00edan el buen funcionamiento del sitio de Internet.<\/p>\n\n\n\n<p>(12) Los cookies son archivos de texto descargados autom\u00e1ticamente y almacenados en el disco duro del equipo de c\u00f3mputo del usuario al navegar en una p\u00e1gina de Internet espec\u00edfica, que permiten recordar al servidor de Internet algunos datos sobre este usuario, entre ellos, sus preferencias para la visualizaci\u00f3n de las p\u00e1ginas en ese servidor, nombre y contrase\u00f1a.<\/p>\n\n\n\n<p>(13) As\u00ed mismo las scripts son piezas de c\u00f3digo que nos permiten obtener informaci\u00f3n como la direcci\u00f3n IP del usuario, duraci\u00f3n del tiempo de interacci\u00f3n en una p\u00e1gina y el tipo de navegador utilizado, entre otros.<\/p>\n\n\n\n<p>(14) Por su parte, las web beacons son im\u00e1genes insertadas en una p\u00e1gina de Internet o correo electr\u00f3nico, que puede ser utilizado para monitorear el comportamiento de un visitante y las caracter\u00edsticas de su navegaci\u00f3n en nuestro sitio web.<\/p>\n\n\n\n<p>(15) Estas cookies y otras tecnolog\u00edas pueden ser deshabilitadas. Para conocer como hacerlo, consulte la documentaci\u00f3n de su navegador.<br>C.- eMail Marketing.-<\/p>\n\n\n\n<p>(16) En este apartado se especifican los t\u00e9rminos y condiciones del uso del servicio de Mailing o eMail Marketing en el cual se exige la correcta aplicaci\u00f3n de la herramienta, para su excelente funcionamiento y obtenci\u00f3n de los mejores beneficios del servicio.<br>D.- Uso general de servicio de MILEXPORTS Mailing.-<\/p>\n\n\n\n<p>(17) Es su deber tener el consentimiento o permiso de los contactos de su lista de env\u00edo, para agregarlos al Mailing, ya que sin ellos todo env\u00edo, notificaci\u00f3n o correo eMail Marketing, ser\u00e1 reportado como spam.<\/p>\n\n\n\n<p>(18) \u00danicamente se podr\u00e1 agregar como contacto a aquellas personas o clientes que hayan aceptado, de manera expl\u00edcita, escrita o por correo electr\u00f3nico el Mailing de MILEXPORTS que manda desde su red. Y solo para los temas en los que espec\u00edficamente est\u00e1n de acuerdo.<\/p>\n\n\n\n<p>(19) Siga los siguientes lineamientos para que su destinatario, cliente o suscriptor est\u00e9 en la categor\u00eda de \u201cUso Aceptado\u201d y evite la cancelaci\u00f3n inmediata de su cuenta.<br>E.- Uso Aceptado.-<\/p>\n\n\n\n<p>(20) El usuario, cliente o suscriptor acepta expl\u00edcitamente recibir correos electr\u00f3nicos.<\/p>\n\n\n\n<p>(21) Cada contacto se ha suscrito a una de sus listas en l\u00ednea y consinti\u00f3 claramente obtener uno o m\u00e1s tipos de email al dar clic a uno o m\u00e1s rubros.<\/p>\n\n\n\n<p>(22) Se admite como v\u00e1lido cuando el registro se hizo en un sitio distinto al de Ud., siempre y cuando se tengan dos opciones para suscripci\u00f3n para cada lista.<\/p>\n\n\n\n<p>(23) Si por 6 meses no se ha hecho alg\u00fan env\u00edo a los suscriptores del Mailing de MILEXPORTS, para evitar fraudes, malentendidos o confusi\u00f3n; es importante realizar un env\u00edo de reintroducci\u00f3n para informar qu\u00e9 tipo de informaci\u00f3n se estar\u00e1 recibiendo y con qu\u00e9 periodicidad.<\/p>\n\n\n\n<p>(24) El contacto fuera de l\u00ednea admiti\u00f3 conscientemente recibir correos electr\u00f3nicos.<\/p>\n\n\n\n<p>(25) Complet\u00f3 una encuesta o particip\u00f3 en un concurso fuera de l\u00ednea, en la cual otorga la autorizaci\u00f3n \u201cpor escrito\u201d que quiere recibir dicha informaci\u00f3n.<\/p>\n\n\n\n<p>(26) El contacto otorg\u00f3 su informaci\u00f3n o tarjeta de presentaci\u00f3n en un evento.<\/p>\n\n\n\n<p>(27) El usuario al dar su informaci\u00f3n, a prueba contundentemente ser agregado a una lista con un tema particular de Mailing. Es obligaci\u00f3n de quien recibe dicha informaci\u00f3n, enviar un correo introductorio en el que se explique a qu\u00e9 est\u00e1 suscrito, por qu\u00e9 y adjuntar los datos generales de la empresa.<\/p>\n\n\n\n<p>(28) El contacto se suscribi\u00f3 solo a un tema en espec\u00edfico<\/p>\n\n\n\n<p>(29) El contacto o suscriptor deber\u00e1 tener la certeza que obtendr\u00e1 el correo de eMail Marketing que haya autorizado o que est\u00e9 en el contrato.<br>F.- Uso No Aceptado.-<\/p>\n\n\n\n<p>(30) Obtener el correo de un contacto por Internet u otra fuente y agregarlo al Mailing sin su consentimiento.<\/p>\n\n\n\n<p>(31) Se considera como spam al envi\u00f3 del Mailing que ha suspendido por m\u00e1s de 2 a\u00f1os y se vuelve a reactivar, aunque se cuente con el permiso expl\u00edcito del usuario, ya que en ese tiempo pudo olvidar la suscripci\u00f3n.<\/p>\n\n\n\n<p>(32) Obtener contactos de terceras personas, ya sea producto de la renta, compra o pr\u00e9stamo de una lista, a pesar de que los contactos se hayan suscrito legalmente, pero no dieron permiso para recibir el Mailing de su sitio espec\u00edficamente.<\/p>\n\n\n\n<p>(33) Enviar el correo de eMail Marketing a un contacto que es su cliente pero no se ha suscrito.<\/p>\n\n\n\n<p>(34) Suscribir y enviar el Mailing a un contacto con una cuenta gen\u00e9rica como: \u201cventas@dominio.com\u201d o \u201ccontacto@dominio.com\u201d, ya que regularmente cambian de usuario y no se podr\u00eda dirigir el envi\u00f3 a alguien en espec\u00edfico.<\/p>\n\n\n\n<p>(35) Mandar el Mailing a un correo que es una lista de distribuci\u00f3n, ya que \u00e9se correo manda el eMail Marketing a m\u00e1s de una persona. Lo que es imposible saber s\u00ed \u00e9stos contactos dieron su autorizaci\u00f3n expl\u00edcita para recibir correos.<br>G.- Contenido Obligatorio.-<\/p>\n\n\n\n<p>(36) Cada correo que env\u00edes con MILEXPORTS Mailing deber\u00e1 incluir lo siguiente:<\/p>\n\n\n\n<p>(37) La opci\u00f3n directa de eliminar la suscripci\u00f3n al Mailing hecha en tan solo un clic.<\/p>\n\n\n\n<p>(38) El nombre y la direcci\u00f3n f\u00edsica de quien env\u00eda el correo (Persona o empresa).<br>H.- Finalidad del tratamiento de datos.<\/p>\n\n\n\n<p>(39) Los datos personales que el cliente nos proporcione con fines comerciales para contactarlo y\/o enviarle informaci\u00f3n respecto de los servicios contratados, as\u00ed como con fines estad\u00edsticos sujetos a un proceso de disociaci\u00f3n.<\/p>\n\n\n\n<p>(40) Los datos personales tambi\u00e9n son utilizados para realizar estudios internos sobre los datos demogr\u00e1ficos, intereses y comportamiento de los usuarios; con la finalidad de proporcionarles productos, servicios, contenidos y publicidad acordes a sus necesidades, as\u00ed como proporcionar notificaciones e informaci\u00f3n de manera confidencial sobre su servicio y contactar a los usuarios cuando sea necesario, por tel\u00e9fono o correo electr\u00f3nico en caso de que se requieran datos adicionales para completar alguna transacci\u00f3n.<br>I.- Transferencia de datos.<\/p>\n\n\n\n<p>(41) MILEXPORTS podr\u00e1 tratar los datos personales o los podr\u00e1 poner a disposici\u00f3n de terceros dentro o fuera del pa\u00eds, en este sentido, su informaci\u00f3n puede ser compartida a otros tercero a consecuencia de una relaci\u00f3n contractual o bien en aquellos casos en que la divulgaci\u00f3n sea necesaria para la eficaz operaci\u00f3n de los servicios proporcionados.<\/p>\n\n\n\n<p>(42) Si usted no manifiesta oposici\u00f3n alguna por escrito para que sus datos sean tratados y\/o transferidos a terceros, se entender\u00e1 que ha otorgado su consentimiento para ello una vez que haya otorgado la aceptaci\u00f3n electr\u00f3nica y\/o al ingresar sus datos dentro del contenido y funciones del sitio.<\/p>\n\n\n\n<p>(43) MILEXPORTS podr\u00e1 transmitir lo datos que recabe de sus clientes a cualquiera de las subsidiarias y\/o afiliadas y\/o socios de negocios y\/o terceros, quienes quedar\u00e1n obligadas a resguardar y utilizar la informaci\u00f3n en t\u00e9rminos de este Aviso de Privacidad y por cualquiera de las razones previstas en la ley MILEXPORTS se reserva el derecho de transmitir los datos de sus clientes.<\/p>\n\n\n\n<p>(44) En caso de vender o traspasar la totalidad o parte de su negocio y\/o activos, MILEXPORTS le comunicar\u00e1 la obligaci\u00f3n al siguiente propietario para que utilice los datos de los clientes con apego a est\u00e9 Aviso de Privacidad, as\u00ed mismo le informar\u00e1 al titular que pretende transferir los datos a terceros. Si el titular no desea que sus datos sean transferidos al tercero deber\u00e1 manifestarlo al nuevo propietario.<br>J.- Medios para ejercer los derechos de acceso, rectificaci\u00f3n, cancelaci\u00f3n u oposici\u00f3n.<\/p>\n\n\n\n<p>(45) Usted tiene derecho a conocer qu\u00e9 datos personales tenemos suyos, para qu\u00e9 los utilizamos y las condiciones del uso que les damos (Acceso). Asimismo, es su derecho solicitar la correcci\u00f3n de su informaci\u00f3n personal en caso de que est\u00e9 desactualizada, sea inexacta o incompleta (Rectificaci\u00f3n); que la eliminemos de nuestros registros o bases de datos cuando considere que la misma no est\u00e1 siendo utilizada adecuadamente (Cancelaci\u00f3n); as\u00ed como oponerse al uso de sus datos personales para fines espec\u00edficos (Oposici\u00f3n). Estos derechos se conocen como derechos ARCO.<\/p>\n\n\n\n<p>(46) Todo cliente de MILEXPORTS interesado en ejecutar los derechos ARCO previstos en la Ley, podr\u00e1 hacerlo poni\u00e9ndose en contacto con MILEXPORTS, responsables de nuestro Departamento de Protecci\u00f3n de Datos Personales, en el domicilio ubicado en Calle Lago Ginebra #34 interior 9, colonia Patria, Zapopan, Jalisco, o bien, se comunique al tel\u00e9fono XXXXXXXXXX o v\u00eda correo electr\u00f3nico info@milexports.mx, el cual solicitamos confirme v\u00eda telef\u00f3nica para garantizar su correcta recepci\u00f3n.<\/p>\n\n\n\n<p>(47) Con relaci\u00f3n al procedimiento y requisitos para el ejercicio de sus derechos ARCO, le informamos lo siguiente:<\/p>\n\n\n\n<p>a) A trav\u00e9s de qu\u00e9 medios pueden acreditar su identidad el titular y, en su caso, su representante, as\u00ed como la personalidad este \u00faltimo? Con el original y copia de identificaci\u00f3n oficial vigente; en el caso de personas morales, se debe agregar original y copia del instrumento notarial en el que consten sus facultades.<\/p>\n\n\n\n<p>b) Qu\u00e9 informaci\u00f3n y\/o documentaci\u00f3n deber\u00e1 contener la solicitud? Los pormenores respecto de los derechos ARCO, y la precisi\u00f3n o intenci\u00f3n que busca el titular, narrando con amplitud los hechos en que basa su pedido.<\/p>\n\n\n\n<p>c) En cu\u00e1ntos d\u00edas le daremos respuesta a su solicitud? En diez d\u00edas h\u00e1biles.<\/p>\n\n\n\n<p>d) Por qu\u00e9 medio le comunicaremos la respuesta a su solicitud? Por correo electr\u00f3nico.<\/p>\n\n\n\n<p>(48) Usted puede revocar el consentimiento que, en su caso, nos haya otorgado para el tratamiento de sus datos personales. Sin embargo, es importante que tenga en cuenta que no en todos los casos podremos atender su solicitud o concluir el uso de forma inmediata, ya que es posible que por alguna obligaci\u00f3n legal requiramos seguir tratando sus datos personales. Asimismo, usted deber\u00e1 considerar que para ciertos fines, la revocaci\u00f3n de su consentimiento implicar\u00e1 que no le podamos seguir prestando el servicio que nos solicit\u00f3, o la conclusi\u00f3n de su relaci\u00f3n con nosotros.<br>K.- Cambios al Aviso de Privacidad<\/p>\n\n\n\n<p>(49) El presente aviso de privacidad puede sufrir modificaciones, cambios o actualizaciones derivadas de nuevos requerimientos legales; de nuestras propias necesidades por los productos o servicios que ofrecemos; de nuestras pr\u00e1cticas de privacidad; de cambios en nuestro modelo de negocio, o por otras causas.<\/p>\n\n\n\n<p>(50) Cualquier cambio a este Aviso de Privacidad se har\u00e1 del conocimiento de los clientes de MILEXPORTS que marquen al XXXXXXX o manden correo electr\u00f3nico a la siguiente direcci\u00f3n: info@milexports.mx am\u00e9n de publicarlo en nuestro portal de internet.<\/p>\n\n\n\n<p>(51) Este aviso de privacidad, describe la Pol\u00edtica de Privacidad del MILEXPORTS, el cual constituye un acuerdo v\u00e1lido entre el Usuario y MILEXPORTS; si el Usuario utiliza los servicios de MILEXPORTS significa que ha le\u00eddo, entendido, aceptado y consecuentemente acordado con el MILEXPORTS los t\u00e9rminos del aviso de privacidad antes expuestos. En caso de no estar de acuerdo con ellos, el Usuario NO deber\u00e1 proporcionar ninguna informaci\u00f3n personal, ni utilizar este servicio o cualquier informaci\u00f3n relacionada con el sitio.<\/p>","protected":false},"excerpt":{"rendered":"<p>MILEXPORTS.MX con domicilio en la Calle Lago Ginebra #34 interior 9, colonia Patria, Zapopan, Jalisco, y portal de internet http:\/\/MILEXPORTS.MX\/, en cumplimiento a lo establecido por la Ley Federal de Protecci\u00f3n de Datos personales en Posesi\u00f3n de los Particulares (\u201cLey\u201d) y con la finalidad de garantizar la privacidad y el derecho a la autodeterminaci\u00f3n informativa [&hellip;]<\/p>","protected":false},"author":1,"featured_media":0,"parent":0,"menu_order":0,"comment_status":"closed","ping_status":"closed","template":"template\/template-page-full-width.php","meta":{"footnotes":""},"class_list":["post-166","page","type-page","status-publish","hentry"],"_links":{"self":[{"href":"https:\/\/milexports.mx\/en\/wp-json\/wp\/v2\/pages\/166","targetHints":{"allow":["GET"]}}],"collection":[{"href":"https:\/\/milexports.mx\/en\/wp-json\/wp\/v2\/pages"}],"about":[{"href":"https:\/\/milexports.mx\/en\/wp-json\/wp\/v2\/types\/page"}],"author":[{"embeddable":true,"href":"https:\/\/milexports.mx\/en\/wp-json\/wp\/v2\/users\/1"}],"replies":[{"embeddable":true,"href":"https:\/\/milexports.mx\/en\/wp-json\/wp\/v2\/comments?post=166"}],"version-history":[{"count":3,"href":"https:\/\/milexports.mx\/en\/wp-json\/wp\/v2\/pages\/166\/revisions"}],"predecessor-version":[{"id":192,"href":"https:\/\/milexports.mx\/en\/wp-json\/wp\/v2\/pages\/166\/revisions\/192"}],"wp:attachment":[{"href":"https:\/\/milexports.mx\/en\/wp-json\/wp\/v2\/media?parent=166"}],"curies":[{"name":"wp","href":"https:\/\/api.w.org\/{rel}","templated":true}]}}